{"id":27992,"date":"2015-09-12T08:58:03","date_gmt":"2015-09-12T08:58:03","guid":{"rendered":"https:\/\/wantedagency.es\/management-es-2\/"},"modified":"2023-08-09T23:46:23","modified_gmt":"2023-08-09T23:46:23","slug":"management-en","status":"publish","type":"page","link":"https:\/\/wantedagency.es\/en\/management-en\/","title":{"rendered":"Fiction"},"content":{"rendered":"<div dir=\"ltr\">This is our <strong>fiction department<\/strong>. For over 20 years providing jobs for actors, many of whom, thanks to their talent and our management, have participated in major shows and movies at national and international level.<\/div>\n<div dir=\"ltr\">For contact you can send us an email to: ficcion@wantedagency.es<\/div>\n<div dir=\"ltr\"><\/div>\n","protected":false},"excerpt":{"rendered":"<p>This is our fiction department. For over 20 years providing jobs for actors, many of whom, thanks to their talent and our management, have participated in major shows and movies at national and international level. For contact you can send us an email to: ficcion@wantedagency.es<\/p>\n","protected":false},"author":4,"featured_media":0,"parent":0,"menu_order":3,"comment_status":"closed","ping_status":"closed","template":"page-management.php","meta":{"_acf_changed":false,"footnotes":""},"class_list":["post-27992","page","type-page","status-publish","hentry"],"acf":[],"yoast_head":"<!-- This site is optimized with the Yoast SEO plugin v27.3 - https:\/\/yoast.com\/product\/yoast-seo-wordpress\/ -->\n<title>Fiction - Wanted<\/title>\n<meta name=\"robots\" content=\"index, follow, max-snippet:-1, max-image-preview:large, max-video-preview:-1\" \/>\n<link rel=\"canonical\" href=\"https:\/\/wantedagency.es\/en\/management-en\/\" \/>\n<meta property=\"og:locale\" content=\"en_US\" \/>\n<meta property=\"og:type\" content=\"article\" \/>\n<meta property=\"og:title\" content=\"Fiction - Wanted\" \/>\n<meta property=\"og:description\" content=\"This is our fiction department. For over 20 years providing jobs for actors, many of whom, thanks to their talent and our management, have participated in major shows and movies at national and international level. For contact you can send us an email to: ficcion@wantedagency.es\" \/>\n<meta property=\"og:url\" content=\"https:\/\/wantedagency.es\/en\/management-en\/\" \/>\n<meta property=\"og:site_name\" content=\"Wanted\" \/>\n<meta property=\"article:modified_time\" content=\"2023-08-09T23:46:23+00:00\" \/>\n<meta name=\"twitter:card\" content=\"summary_large_image\" \/>\n<script type=\"application\/ld+json\" class=\"yoast-schema-graph\">{\"@context\":\"https:\\\/\\\/schema.org\",\"@graph\":[{\"@type\":\"WebPage\",\"@id\":\"https:\\\/\\\/wantedagency.es\\\/en\\\/management-en\\\/\",\"url\":\"https:\\\/\\\/wantedagency.es\\\/en\\\/management-en\\\/\",\"name\":\"Fiction - Wanted\",\"isPartOf\":{\"@id\":\"https:\\\/\\\/wantedagency.es\\\/#website\"},\"datePublished\":\"2015-09-12T08:58:03+00:00\",\"dateModified\":\"2023-08-09T23:46:23+00:00\",\"breadcrumb\":{\"@id\":\"https:\\\/\\\/wantedagency.es\\\/en\\\/management-en\\\/#breadcrumb\"},\"inLanguage\":\"en-US\",\"potentialAction\":[{\"@type\":\"ReadAction\",\"target\":[\"https:\\\/\\\/wantedagency.es\\\/en\\\/management-en\\\/\"]}]},{\"@type\":\"BreadcrumbList\",\"@id\":\"https:\\\/\\\/wantedagency.es\\\/en\\\/management-en\\\/#breadcrumb\",\"itemListElement\":[{\"@type\":\"ListItem\",\"position\":1,\"name\":\"Portada\",\"item\":\"https:\\\/\\\/wantedagency.es\\\/en\\\/\"},{\"@type\":\"ListItem\",\"position\":2,\"name\":\"Fiction\"}]},{\"@type\":\"WebSite\",\"@id\":\"https:\\\/\\\/wantedagency.es\\\/#website\",\"url\":\"https:\\\/\\\/wantedagency.es\\\/\",\"name\":\"Wanted\",\"description\":\"Wanted es una agencia de representaci\u00f3n de actores y modelos en Madrid. M\u00e1s de diez a\u00f1os proporcionando trabajo a nivel nacional e internacional a modelos, actores y presentadores.\",\"publisher\":{\"@id\":\"https:\\\/\\\/wantedagency.es\\\/#organization\"},\"potentialAction\":[{\"@type\":\"SearchAction\",\"target\":{\"@type\":\"EntryPoint\",\"urlTemplate\":\"https:\\\/\\\/wantedagency.es\\\/?s={search_term_string}\"},\"query-input\":{\"@type\":\"PropertyValueSpecification\",\"valueRequired\":true,\"valueName\":\"search_term_string\"}}],\"inLanguage\":\"en-US\"},{\"@type\":\"Organization\",\"@id\":\"https:\\\/\\\/wantedagency.es\\\/#organization\",\"name\":\"Wanted\",\"url\":\"https:\\\/\\\/wantedagency.es\\\/\",\"logo\":{\"@type\":\"ImageObject\",\"inLanguage\":\"en-US\",\"@id\":\"https:\\\/\\\/wantedagency.es\\\/#\\\/schema\\\/logo\\\/image\\\/\",\"url\":\"https:\\\/\\\/wantedagency.es\\\/wp-content\\\/uploads\\\/2026\\\/03\\\/lgo-wanted2x.png\",\"contentUrl\":\"https:\\\/\\\/wantedagency.es\\\/wp-content\\\/uploads\\\/2026\\\/03\\\/lgo-wanted2x.png\",\"width\":391,\"height\":94,\"caption\":\"Wanted\"},\"image\":{\"@id\":\"https:\\\/\\\/wantedagency.es\\\/#\\\/schema\\\/logo\\\/image\\\/\"}}]}<\/script>\n<!-- \/ Yoast SEO plugin. -->","yoast_head_json":{"title":"Fiction - Wanted","robots":{"index":"index","follow":"follow","max-snippet":"max-snippet:-1","max-image-preview":"max-image-preview:large","max-video-preview":"max-video-preview:-1"},"canonical":"https:\/\/wantedagency.es\/en\/management-en\/","og_locale":"en_US","og_type":"article","og_title":"Fiction - Wanted","og_description":"This is our fiction department. For over 20 years providing jobs for actors, many of whom, thanks to their talent and our management, have participated in major shows and movies at national and international level. For contact you can send us an email to: ficcion@wantedagency.es","og_url":"https:\/\/wantedagency.es\/en\/management-en\/","og_site_name":"Wanted","article_modified_time":"2023-08-09T23:46:23+00:00","twitter_card":"summary_large_image","schema":{"@context":"https:\/\/schema.org","@graph":[{"@type":"WebPage","@id":"https:\/\/wantedagency.es\/en\/management-en\/","url":"https:\/\/wantedagency.es\/en\/management-en\/","name":"Fiction - Wanted","isPartOf":{"@id":"https:\/\/wantedagency.es\/#website"},"datePublished":"2015-09-12T08:58:03+00:00","dateModified":"2023-08-09T23:46:23+00:00","breadcrumb":{"@id":"https:\/\/wantedagency.es\/en\/management-en\/#breadcrumb"},"inLanguage":"en-US","potentialAction":[{"@type":"ReadAction","target":["https:\/\/wantedagency.es\/en\/management-en\/"]}]},{"@type":"BreadcrumbList","@id":"https:\/\/wantedagency.es\/en\/management-en\/#breadcrumb","itemListElement":[{"@type":"ListItem","position":1,"name":"Portada","item":"https:\/\/wantedagency.es\/en\/"},{"@type":"ListItem","position":2,"name":"Fiction"}]},{"@type":"WebSite","@id":"https:\/\/wantedagency.es\/#website","url":"https:\/\/wantedagency.es\/","name":"Wanted","description":"Wanted es una agencia de representaci\u00f3n de actores y modelos en Madrid. M\u00e1s de diez a\u00f1os proporcionando trabajo a nivel nacional e internacional a modelos, actores y presentadores.","publisher":{"@id":"https:\/\/wantedagency.es\/#organization"},"potentialAction":[{"@type":"SearchAction","target":{"@type":"EntryPoint","urlTemplate":"https:\/\/wantedagency.es\/?s={search_term_string}"},"query-input":{"@type":"PropertyValueSpecification","valueRequired":true,"valueName":"search_term_string"}}],"inLanguage":"en-US"},{"@type":"Organization","@id":"https:\/\/wantedagency.es\/#organization","name":"Wanted","url":"https:\/\/wantedagency.es\/","logo":{"@type":"ImageObject","inLanguage":"en-US","@id":"https:\/\/wantedagency.es\/#\/schema\/logo\/image\/","url":"https:\/\/wantedagency.es\/wp-content\/uploads\/2026\/03\/lgo-wanted2x.png","contentUrl":"https:\/\/wantedagency.es\/wp-content\/uploads\/2026\/03\/lgo-wanted2x.png","width":391,"height":94,"caption":"Wanted"},"image":{"@id":"https:\/\/wantedagency.es\/#\/schema\/logo\/image\/"}}]}},"_links":{"self":[{"href":"https:\/\/wantedagency.es\/en\/wp-json\/wp\/v2\/pages\/27992","targetHints":{"allow":["GET"]}}],"collection":[{"href":"https:\/\/wantedagency.es\/en\/wp-json\/wp\/v2\/pages"}],"about":[{"href":"https:\/\/wantedagency.es\/en\/wp-json\/wp\/v2\/types\/page"}],"author":[{"embeddable":true,"href":"https:\/\/wantedagency.es\/en\/wp-json\/wp\/v2\/users\/4"}],"replies":[{"embeddable":true,"href":"https:\/\/wantedagency.es\/en\/wp-json\/wp\/v2\/comments?post=27992"}],"version-history":[{"count":0,"href":"https:\/\/wantedagency.es\/en\/wp-json\/wp\/v2\/pages\/27992\/revisions"}],"wp:attachment":[{"href":"https:\/\/wantedagency.es\/en\/wp-json\/wp\/v2\/media?parent=27992"}],"curies":[{"name":"wp","href":"https:\/\/api.w.org\/{rel}","templated":true}]}}